{"id":9759,"date":"2026-01-07T13:48:38","date_gmt":"2026-01-07T19:48:38","guid":{"rendered":"https:\/\/www.enjoycostarica.com\/blog\/?page_id=9759"},"modified":"2026-03-24T10:48:47","modified_gmt":"2026-03-24T16:48:47","slug":"things-to-do-in-san-jose-costa-rica-the-perfect-start-to-a-self-guided-adventure","status":"publish","type":"page","link":"https:\/\/www.enjoycostarica.com\/blog\/things-to-do-in-san-jose-costa-rica-the-perfect-start-to-a-self-guided-adventure\/","title":{"rendered":"Things to Do in San Jos\u00e9, Costa Rica: The Perfect Start to a Self Guided Adventure"},"content":{"rendered":"\n<p>By Silvanna Pacheco, January 7th, 2026<\/p>\n\n\n\n<p>While many travelers use San Jos\u00e9 as a quick transit point, the city holds the most concentration of Costa Rica\u2019s history and culture. Most of the city&#8217;s &#8220;charm&#8221; comes from the late 19th century, when coffee exports made the nation wealthy. This gave rise to the National Theater and neighborhoods like Barrio Am\u00f3n, where you can still see Victorian mansions built by coffee barons. <a href=\"https:\/\/www.enjoycostarica.com\/trip-planner-costa-rica\/\">Let our local experts design your perfect Costa Rican route starting in San Jose.<\/a><\/p>\n\n\n<div class=\"wp-block-image\">\n<figure class=\"aligncenter size-full\"><img loading=\"lazy\" decoding=\"async\" width=\"2000\" height=\"1500\" src=\"https:\/\/www.enjoycostarica.com\/blog\/wp-content\/uploads\/2024\/12\/cesar-badilla-miranda-lcdcYymRrVo-unsplash-1.jpg\" alt=\"San Jose view - Cesar Badilla Miranda - Unsplash\" class=\"wp-image-9490\" srcset=\"https:\/\/www.enjoycostarica.com\/blog\/wp-content\/uploads\/2024\/12\/cesar-badilla-miranda-lcdcYymRrVo-unsplash-1.jpg 2000w, https:\/\/www.enjoycostarica.com\/blog\/wp-content\/uploads\/2024\/12\/cesar-badilla-miranda-lcdcYymRrVo-unsplash-1-300x225.jpg 300w, https:\/\/www.enjoycostarica.com\/blog\/wp-content\/uploads\/2024\/12\/cesar-badilla-miranda-lcdcYymRrVo-unsplash-1-1024x768.jpg 1024w, https:\/\/www.enjoycostarica.com\/blog\/wp-content\/uploads\/2024\/12\/cesar-badilla-miranda-lcdcYymRrVo-unsplash-1-768x576.jpg 768w, https:\/\/www.enjoycostarica.com\/blog\/wp-content\/uploads\/2024\/12\/cesar-badilla-miranda-lcdcYymRrVo-unsplash-1-1536x1152.jpg 1536w\" sizes=\"auto, (max-width: 2000px) 100vw, 2000px\" \/><figcaption class=\"wp-element-caption\">San Jose View by Cesar Badilla Miranda &#8211; Unsplash <\/figcaption><\/figure>\n<\/div>\n\n\n<!--more-->\n\n\n\n<p>As the primary gateway to the country, <a href=\"https:\/\/www.enjoycostarica.com\/destination\/san-jose-costa-rica\/\">San Jos\u00e9<\/a> serves as the ideal starting point for a Costa Rican adventure. If your flight arrives in the afternoon or evening, spending your first night or two in the capital is a strategic choice; it allows you to settle in and enjoy a vibrant urban atmosphere that provides a striking contrast to the rural rainforest and beaches you will encounter later. Also, it gives a historical context that makes seeing the rest of the country more meaningful.<\/p>\n\n\n\n<p>History enthusiasts should head to downtown San Jos\u00e9 for its proximity to museums, while those seeking modern luxury and high-end shopping will prefer the upscale hills of Escaz\u00fa. For a central hub with business-class hotels and easy access to the highway and to La Sabana Metropolitan Park, La Sabana is an ideal choice. Finally, food lovers shouldn&#8217;t miss Barrio Escalante, the city\u2019s trendy culinary center; while it lacks traditional hotels, it is packed with artisan breweries and some of the city&#8217;s best dining options.<\/p>\n\n\n\n<p>Costa Rica offers a rich variety of museums that highlight its diverse history, art, and indigenous heritage. Most of them are located within walking distance of each other in the city center. Here are some of the sites we highly recommend to visit:<\/p>\n\n\n<div class=\"wp-block-image\">\n<figure class=\"aligncenter size-full\"><img loading=\"lazy\" decoding=\"async\" width=\"2560\" height=\"1928\" src=\"https:\/\/www.enjoycostarica.com\/blog\/wp-content\/uploads\/2025\/03\/PXL_20250308_154941089-scaled.jpg\" alt=\"Teatro Nacional, San Jose, Costa Rica\" class=\"wp-image-9569\" srcset=\"https:\/\/www.enjoycostarica.com\/blog\/wp-content\/uploads\/2025\/03\/PXL_20250308_154941089-scaled.jpg 2560w, https:\/\/www.enjoycostarica.com\/blog\/wp-content\/uploads\/2025\/03\/PXL_20250308_154941089-300x226.jpg 300w, https:\/\/www.enjoycostarica.com\/blog\/wp-content\/uploads\/2025\/03\/PXL_20250308_154941089-1024x771.jpg 1024w, https:\/\/www.enjoycostarica.com\/blog\/wp-content\/uploads\/2025\/03\/PXL_20250308_154941089-768x578.jpg 768w, https:\/\/www.enjoycostarica.com\/blog\/wp-content\/uploads\/2025\/03\/PXL_20250308_154941089-1536x1157.jpg 1536w, https:\/\/www.enjoycostarica.com\/blog\/wp-content\/uploads\/2025\/03\/PXL_20250308_154941089-2048x1542.jpg 2048w\" sizes=\"auto, (max-width: 2560px) 100vw, 2560px\" \/><figcaption class=\"wp-element-caption\">Teatro Nacional, San Jose, Costa Rica<\/figcaption><\/figure>\n<\/div>\n\n\n<p><\/p>\n\n\n\n<p><em>Pre-Columbian Gold Museum<\/em><br>Located entirely underground beneath the Plaza de la Cultura, this museum feels like entering a high-security vault. It houses over 1,600 gold artifacts dating from 500 AD to the Spanish conquest. Look for the life-sized gold warrior, intricate animal pendants (shamanic figures, jaguars, and frogs), and the Numismatic Museum on the ground floor, which traces the history of Costa Rican currency from coffee tokens to modern bills.<\/p>\n\n\n\n<p><em>Museo del Jade<\/em><br>Housed in a striking five-story building designed to look like a raw block of jade, this museum holds the <a href=\"https:\/\/museodeljade.grupoins.com\/\" target=\"_blank\" rel=\"noreferrer noopener\">world\u2019s largest collection of American jade<\/a>, with nearly 7,000 pieces on display. You start with the history of jade processing and rise through exhibits detailing daily life, war, and spiritual beliefs.<\/p>\n\n\n\n<p><em>Museo Nacional &amp; Plaza de la Democracia<\/em><br>The National Museum is housed in the old Bellavista Fortress. The bullet holes from the 1948 Civil War are still visible in the towers, serving as a powerful reminder of the moment Costa Rica decided to abolish its army. This museum features a beautiful butterfly garden at the entrance and exhibits on Costa Rica&#8217;s archaeology (including pre-Columbian gold, stone spheres), natural history, and a comprehensive timeline of the country&#8217;s history from conquest to the present.<\/p>\n\n\n\n<p><em>Teatro Nacional<\/em><br>The city\u2019s architectural jewel. The <a href=\"https:\/\/teatronacional.go.cr\/\" target=\"_blank\" rel=\"noreferrer noopener\">Teatro Nacional de Costa Rica <\/a>is more than just a performance venue; it is the ultimate symbol of the nation&#8217;s economic and cultural &#8220;Golden Age. Completed in 1897, its construction represents a pivotal moment when Costa Rica sought to align itself with European sophistication to showcase its stability and wealth on the world stage. <\/p>\n\n\n\n<p>Beyond the famous theater, you\u2019ll find the Edificio Met\u00e1lico (a school made entirely of iron shipped from Belgium) and the Central Post Office, which remains a functioning neoclassical beauty.<\/p>\n\n\n\n<p><\/p>\n\n\n<div class=\"wp-block-image\">\n<figure class=\"aligncenter size-full\"><img loading=\"lazy\" decoding=\"async\" width=\"2560\" height=\"1928\" src=\"https:\/\/www.enjoycostarica.com\/blog\/wp-content\/uploads\/2025\/03\/PXL_20250215_170800135-scaled.jpg\" alt=\"Colorful stands at Mercado Central, San Jose. \" class=\"wp-image-9568\" srcset=\"https:\/\/www.enjoycostarica.com\/blog\/wp-content\/uploads\/2025\/03\/PXL_20250215_170800135-scaled.jpg 2560w, https:\/\/www.enjoycostarica.com\/blog\/wp-content\/uploads\/2025\/03\/PXL_20250215_170800135-300x226.jpg 300w, https:\/\/www.enjoycostarica.com\/blog\/wp-content\/uploads\/2025\/03\/PXL_20250215_170800135-1024x771.jpg 1024w, https:\/\/www.enjoycostarica.com\/blog\/wp-content\/uploads\/2025\/03\/PXL_20250215_170800135-768x578.jpg 768w, https:\/\/www.enjoycostarica.com\/blog\/wp-content\/uploads\/2025\/03\/PXL_20250215_170800135-1536x1157.jpg 1536w, https:\/\/www.enjoycostarica.com\/blog\/wp-content\/uploads\/2025\/03\/PXL_20250215_170800135-2048x1542.jpg 2048w\" sizes=\"auto, (max-width: 2560px) 100vw, 2560px\" \/><figcaption class=\"wp-element-caption\">Colorful stands at Mercado Central, San Jose.<\/figcaption><\/figure>\n<\/div>\n\n\n<p><\/p>\n\n\n\n<p><strong>Local Flavors and Markets<\/strong><\/p>\n\n\n\n<p>For the most <a href=\"https:\/\/www.enjoycostarica.com\/blog\/taste-of-tradition-exploring-san-joses-mercado-central\/\">authentic local experience visit the Mercado Central<\/a>, a labyrinth of stalls founded in 1880. At the you will find \u201cLa Sorbetera de Lolo Mora\u201d famous for their cinnamon-flavored ice cream, a tradition since 1901 and many local &#8220;Sodas&#8221; (a small, family-run restaurant) where you can enjoy a typical \u201ccasado\u201d lunch (rice, beans, choice of meat, sweet plantains and vegetables). On the other hand, the Mercado Municipal de Artesan\u00edas is the best place for self-guided souvenir hunting, with local crafts, leather goods, and woodcarvings at a great price.<\/p>\n\n\n\n<p>From San Jos\u00e9, you are perfectly positioned to explore the Central Valley\u2019s mix of volcanoes, cultural sites and charming towns. <a href=\"https:\/\/www.enjoycostarica.com\/tell-us-about-yourself\/\">Our team can help you find the perfect accommodations to explore San Jose\u2019s main attractions.<\/a><\/p>\n\n\n\n<p><em>Po\u00e1s Volcano &amp; La Paz Waterfall Gardens<\/em><br>Po\u00e1s Volcano National Park is one of the most popular and accessible active <a href=\"https:\/\/www.enjoycostarica.com\/costa-rica-volcanoes\/\">volcanoes in Costa Rica<\/a>. Its main crater is nearly a mile wide and often holds a stunning turquoise acid lake. We recommend an early visit to avoid the clouds that typically roll in by mid-morning. La Paz Waterfall Gardens is often paired with Po\u00e1s, and features five waterfalls, a butterfly farm, a hummingbird garden and access to a jungle cat exhibit.<\/p>\n\n\n\n<p><em>Hacienda La Chimba, Santa Ana<\/em><br>Located just 20-30 minutes from downtown San Jos\u00e9, this is a favorite for active travelers. There is a &#8220;giant wooden hand&#8221; where you can take a perfect photo over the coffee hills. Beyond hiking, you can learn about the &#8220;Golden Bean&#8221; or try the Canopy Zip-line tour.<\/p>\n\n\n\n<p><em>Cartago<\/em><br><a href=\"https:\/\/www.enjoycostarica.com\/destination\/cartago\/\">Cartago<\/a> is the historic capital located 30 minutes away from San Jos\u00e9. Here you get to see the Bas\u00edlica de Nuestra Se\u00f1ora de los \u00c1ngeles, the most important religious site in the country. It houses the &#8220;Negrita,&#8221; a small black stone statue of the Virgin Mary. On the other hand, the Cartago Ruins, located in the central park, are the remains of a church that was repeatedly destroyed by earthquakes in the 1800s and finally abandoned. It is now a beautiful, roofless garden. In Cartago you will also find the Lankester Botanical Gardens operated by the University of Costa Rica. This is a world-class center for orchid research and features over 3,000 species of plants, including a serene Japanese garden.<\/p>\n\n\n\n<p><em>Iraz\u00fa Volcano &amp; Orosi Valley<\/em><br><a href=\"https:\/\/www.enjoycostarica.com\/blog\/conquering-the-clouds-a-day-trip-to-irazu-volcano-national-park\/\">Iraz\u00fa Volcano National Park<\/a> is Costa Rica&#8217;s highest volcano offering the most beautiful views of the countryside of Cartago. The landscape at the top is moon-like and desolate, offering views of both the Atlantic and Pacific oceans on clear days. After descending the volcano, drive down into this deep, green valley called Ororsi, home to the San Jos\u00e9 de Oros\u00ed Church, the oldest church still in use in Costa Rica (built in 1743). The Orosi Mirador offers a panoramic view of the valley and the Reventaz\u00f3n River. Orosi is one of the top Birding Costa Rica destinations offering access to over 350 species across cloud forests and middle-elevation terrains.<\/p>\n\n\n<div class=\"wp-block-image\">\n<figure class=\"aligncenter size-full\"><img loading=\"lazy\" decoding=\"async\" width=\"1000\" height=\"667\" src=\"https:\/\/www.enjoycostarica.com\/blog\/wp-content\/uploads\/2025\/05\/sjocr-attraction-plantation-0031-hor-clsc.jpg\" alt=\"Coffee Plantation\" class=\"wp-image-9621\" srcset=\"https:\/\/www.enjoycostarica.com\/blog\/wp-content\/uploads\/2025\/05\/sjocr-attraction-plantation-0031-hor-clsc.jpg 1000w, https:\/\/www.enjoycostarica.com\/blog\/wp-content\/uploads\/2025\/05\/sjocr-attraction-plantation-0031-hor-clsc-300x200.jpg 300w, https:\/\/www.enjoycostarica.com\/blog\/wp-content\/uploads\/2025\/05\/sjocr-attraction-plantation-0031-hor-clsc-768x512.jpg 768w\" sizes=\"auto, (max-width: 1000px) 100vw, 1000px\" \/><figcaption class=\"wp-element-caption\">Coffee Plantation<\/figcaption><\/figure>\n<\/div>\n\n\n<p class=\"promo-package\"><a href=\"https:\/\/www.enjoycostarica.com\/standard-tours\/package\/volcanoes-and-coffee-trails\/\">Volcanoes &amp; Coffee Trails<\/a><br>Experience the beauty of the Costa Rican volcanoes in this 10 day adventure package. You will enjoy the fun activities surrounding the volcanoes and learn about the local culture.<\/p>\n\n\n\n<p>There are great coffee plantations near San Jos\u00e9. Within an hour\u2019s drive, you can explore the Doka Estate on the slopes of Po\u00e1s Volcano, home to the country&#8217;s oldest working wet mill and a focus on traditional family processing. For a more interactive experience, the Caf\u00e9 Britt Tour in Heredia blends education with professional storytelling and theatrical performances. Meanwhile, Hacienda Alsacia provides a modern, global perspective as Starbucks&#8217; only research and development farm, featuring a visitor center with stunning views.<\/p>\n\n\n\n<p>If you have only one day to spend in San Jos\u00e9, we recommend starting at the Plaza de la Cultura which is the city&#8217;s most iconic public square and an essential starting point for any self-guided tour. The charm of the capital is often tucked away inside historic courtyards like <em>Edificio Steinvorth<\/em>, where you will find a delicious gourmet coffee shop.<\/p>\n\n\n\n<p>Last but not least, remember to be safe. Stick to well-lit pedestrian places like Avenida Centra<em>l<\/em> and never go out late at night. Keep your valuables secure in crowded spots like the Mercado Central. Most &#8220;Ticos&#8221; do not use formal street names for directions so you should rely on apps like Waze, Google Maps, or GPSmyCity to stay oriented. <a href=\"https:\/\/www.enjoycostarica.com\/talk-to-local-expert\/\">Come and enjoy San Jos\u00e9 and its authentic people. Start planning your custom Costa Rica vacation today.<\/a><\/p>\n\n\n\n<p><\/p>\n","protected":false},"excerpt":{"rendered":"<p>By Silvanna Pacheco, January 7th, 2026 While many travelers use San Jos\u00e9 as a quick transit point, the city holds the most concentration of Costa Rica\u2019s history and culture. Most of the city&#8217;s &#8220;charm&#8221; comes from the late 19th century, when coffee exports made the&#8230;<\/p>\n","protected":false},"author":7,"featured_media":9569,"parent":0,"menu_order":0,"comment_status":"closed","ping_status":"closed","template":"","meta":{"footnotes":""},"class_list":["post-9759","page","type-page","status-publish","has-post-thumbnail","hentry"],"yoast_head":"<!-- This site is optimized with the Yoast SEO plugin v27.3 - https:\/\/yoast.com\/product\/yoast-seo-wordpress\/ -->\n<title>Things to Do in San Jos\u00e9, Costa Rica: The Perfect Start to a Self Guided Adventure - Costa Rica Travel Blog<\/title>\n<meta name=\"robots\" content=\"index, follow, max-snippet:-1, max-image-preview:large, max-video-preview:-1\" \/>\n<link rel=\"canonical\" href=\"https:\/\/www.enjoycostarica.com\/blog\/things-to-do-in-san-jose-costa-rica-the-perfect-start-to-a-self-guided-adventure\/\" \/>\n<meta property=\"og:locale\" content=\"en_US\" \/>\n<meta property=\"og:type\" content=\"article\" \/>\n<meta property=\"og:title\" content=\"Things to Do in San Jos\u00e9, Costa Rica: The Perfect Start to a Self Guided Adventure - Costa Rica Travel Blog\" \/>\n<meta property=\"og:description\" content=\"By Silvanna Pacheco, January 7th, 2026 While many travelers use San Jos\u00e9 as a quick transit point, the city holds the most concentration of Costa Rica\u2019s history and culture. Most of the city&#8217;s &#8220;charm&#8221; comes from the late 19th century, when coffee exports made the...\" \/>\n<meta property=\"og:url\" content=\"https:\/\/www.enjoycostarica.com\/blog\/things-to-do-in-san-jose-costa-rica-the-perfect-start-to-a-self-guided-adventure\/\" \/>\n<meta property=\"og:site_name\" content=\"Costa Rica Travel Blog\" \/>\n<meta property=\"article:modified_time\" content=\"2026-03-24T16:48:47+00:00\" \/>\n<meta property=\"og:image\" content=\"https:\/\/www.enjoycostarica.com\/blog\/wp-content\/uploads\/2025\/03\/PXL_20250308_154941089-scaled.jpg\" \/>\n\t<meta property=\"og:image:width\" content=\"2560\" \/>\n\t<meta property=\"og:image:height\" content=\"1928\" \/>\n\t<meta property=\"og:image:type\" content=\"image\/jpeg\" \/>\n<meta name=\"twitter:card\" content=\"summary_large_image\" \/>\n<meta name=\"twitter:label1\" content=\"Est. reading time\" \/>\n\t<meta name=\"twitter:data1\" content=\"7 minutes\" \/>\n<script type=\"application\/ld+json\" class=\"yoast-schema-graph\">{\"@context\":\"https:\\\/\\\/schema.org\",\"@graph\":[{\"@type\":\"WebPage\",\"@id\":\"https:\\\/\\\/www.enjoycostarica.com\\\/blog\\\/things-to-do-in-san-jose-costa-rica-the-perfect-start-to-a-self-guided-adventure\\\/\",\"url\":\"https:\\\/\\\/www.enjoycostarica.com\\\/blog\\\/things-to-do-in-san-jose-costa-rica-the-perfect-start-to-a-self-guided-adventure\\\/\",\"name\":\"Things to Do in San Jos\u00e9, Costa Rica: The Perfect Start to a Self Guided Adventure - Costa Rica Travel Blog\",\"isPartOf\":{\"@id\":\"https:\\\/\\\/www.enjoycostarica.com\\\/blog\\\/#website\"},\"primaryImageOfPage\":{\"@id\":\"https:\\\/\\\/www.enjoycostarica.com\\\/blog\\\/things-to-do-in-san-jose-costa-rica-the-perfect-start-to-a-self-guided-adventure\\\/#primaryimage\"},\"image\":{\"@id\":\"https:\\\/\\\/www.enjoycostarica.com\\\/blog\\\/things-to-do-in-san-jose-costa-rica-the-perfect-start-to-a-self-guided-adventure\\\/#primaryimage\"},\"thumbnailUrl\":\"https:\\\/\\\/www.enjoycostarica.com\\\/blog\\\/wp-content\\\/uploads\\\/2025\\\/03\\\/PXL_20250308_154941089-scaled.jpg\",\"datePublished\":\"2026-01-07T19:48:38+00:00\",\"dateModified\":\"2026-03-24T16:48:47+00:00\",\"breadcrumb\":{\"@id\":\"https:\\\/\\\/www.enjoycostarica.com\\\/blog\\\/things-to-do-in-san-jose-costa-rica-the-perfect-start-to-a-self-guided-adventure\\\/#breadcrumb\"},\"inLanguage\":\"en-US\",\"potentialAction\":[{\"@type\":\"ReadAction\",\"target\":[\"https:\\\/\\\/www.enjoycostarica.com\\\/blog\\\/things-to-do-in-san-jose-costa-rica-the-perfect-start-to-a-self-guided-adventure\\\/\"]}]},{\"@type\":\"ImageObject\",\"inLanguage\":\"en-US\",\"@id\":\"https:\\\/\\\/www.enjoycostarica.com\\\/blog\\\/things-to-do-in-san-jose-costa-rica-the-perfect-start-to-a-self-guided-adventure\\\/#primaryimage\",\"url\":\"https:\\\/\\\/www.enjoycostarica.com\\\/blog\\\/wp-content\\\/uploads\\\/2025\\\/03\\\/PXL_20250308_154941089-scaled.jpg\",\"contentUrl\":\"https:\\\/\\\/www.enjoycostarica.com\\\/blog\\\/wp-content\\\/uploads\\\/2025\\\/03\\\/PXL_20250308_154941089-scaled.jpg\",\"width\":2560,\"height\":1928,\"caption\":\"Teatro Nacional, San Jose, Costa Rica\"},{\"@type\":\"BreadcrumbList\",\"@id\":\"https:\\\/\\\/www.enjoycostarica.com\\\/blog\\\/things-to-do-in-san-jose-costa-rica-the-perfect-start-to-a-self-guided-adventure\\\/#breadcrumb\",\"itemListElement\":[{\"@type\":\"ListItem\",\"position\":1,\"name\":\"Home\",\"item\":\"https:\\\/\\\/www.enjoycostarica.com\\\/blog\\\/\"},{\"@type\":\"ListItem\",\"position\":2,\"name\":\"Things to Do in San Jos\u00e9, Costa Rica: The Perfect Start to a Self Guided Adventure\"}]},{\"@type\":\"WebSite\",\"@id\":\"https:\\\/\\\/www.enjoycostarica.com\\\/blog\\\/#website\",\"url\":\"https:\\\/\\\/www.enjoycostarica.com\\\/blog\\\/\",\"name\":\"Costa Rica Travel Blog\",\"description\":\"A travel blog with useful information and insider tips about traveling in Costa Rica\",\"potentialAction\":[{\"@type\":\"SearchAction\",\"target\":{\"@type\":\"EntryPoint\",\"urlTemplate\":\"https:\\\/\\\/www.enjoycostarica.com\\\/blog\\\/?s={search_term_string}\"},\"query-input\":{\"@type\":\"PropertyValueSpecification\",\"valueRequired\":true,\"valueName\":\"search_term_string\"}}],\"inLanguage\":\"en-US\"}]}<\/script>\n<!-- \/ Yoast SEO plugin. -->","yoast_head_json":{"title":"Things to Do in San Jos\u00e9, Costa Rica: The Perfect Start to a Self Guided Adventure - Costa Rica Travel Blog","robots":{"index":"index","follow":"follow","max-snippet":"max-snippet:-1","max-image-preview":"max-image-preview:large","max-video-preview":"max-video-preview:-1"},"canonical":"https:\/\/www.enjoycostarica.com\/blog\/things-to-do-in-san-jose-costa-rica-the-perfect-start-to-a-self-guided-adventure\/","og_locale":"en_US","og_type":"article","og_title":"Things to Do in San Jos\u00e9, Costa Rica: The Perfect Start to a Self Guided Adventure - Costa Rica Travel Blog","og_description":"By Silvanna Pacheco, January 7th, 2026 While many travelers use San Jos\u00e9 as a quick transit point, the city holds the most concentration of Costa Rica\u2019s history and culture. Most of the city&#8217;s &#8220;charm&#8221; comes from the late 19th century, when coffee exports made the...","og_url":"https:\/\/www.enjoycostarica.com\/blog\/things-to-do-in-san-jose-costa-rica-the-perfect-start-to-a-self-guided-adventure\/","og_site_name":"Costa Rica Travel Blog","article_modified_time":"2026-03-24T16:48:47+00:00","og_image":[{"width":2560,"height":1928,"url":"https:\/\/www.enjoycostarica.com\/blog\/wp-content\/uploads\/2025\/03\/PXL_20250308_154941089-scaled.jpg","type":"image\/jpeg"}],"twitter_card":"summary_large_image","twitter_misc":{"Est. reading time":"7 minutes"},"schema":{"@context":"https:\/\/schema.org","@graph":[{"@type":"WebPage","@id":"https:\/\/www.enjoycostarica.com\/blog\/things-to-do-in-san-jose-costa-rica-the-perfect-start-to-a-self-guided-adventure\/","url":"https:\/\/www.enjoycostarica.com\/blog\/things-to-do-in-san-jose-costa-rica-the-perfect-start-to-a-self-guided-adventure\/","name":"Things to Do in San Jos\u00e9, Costa Rica: The Perfect Start to a Self Guided Adventure - Costa Rica Travel Blog","isPartOf":{"@id":"https:\/\/www.enjoycostarica.com\/blog\/#website"},"primaryImageOfPage":{"@id":"https:\/\/www.enjoycostarica.com\/blog\/things-to-do-in-san-jose-costa-rica-the-perfect-start-to-a-self-guided-adventure\/#primaryimage"},"image":{"@id":"https:\/\/www.enjoycostarica.com\/blog\/things-to-do-in-san-jose-costa-rica-the-perfect-start-to-a-self-guided-adventure\/#primaryimage"},"thumbnailUrl":"https:\/\/www.enjoycostarica.com\/blog\/wp-content\/uploads\/2025\/03\/PXL_20250308_154941089-scaled.jpg","datePublished":"2026-01-07T19:48:38+00:00","dateModified":"2026-03-24T16:48:47+00:00","breadcrumb":{"@id":"https:\/\/www.enjoycostarica.com\/blog\/things-to-do-in-san-jose-costa-rica-the-perfect-start-to-a-self-guided-adventure\/#breadcrumb"},"inLanguage":"en-US","potentialAction":[{"@type":"ReadAction","target":["https:\/\/www.enjoycostarica.com\/blog\/things-to-do-in-san-jose-costa-rica-the-perfect-start-to-a-self-guided-adventure\/"]}]},{"@type":"ImageObject","inLanguage":"en-US","@id":"https:\/\/www.enjoycostarica.com\/blog\/things-to-do-in-san-jose-costa-rica-the-perfect-start-to-a-self-guided-adventure\/#primaryimage","url":"https:\/\/www.enjoycostarica.com\/blog\/wp-content\/uploads\/2025\/03\/PXL_20250308_154941089-scaled.jpg","contentUrl":"https:\/\/www.enjoycostarica.com\/blog\/wp-content\/uploads\/2025\/03\/PXL_20250308_154941089-scaled.jpg","width":2560,"height":1928,"caption":"Teatro Nacional, San Jose, Costa Rica"},{"@type":"BreadcrumbList","@id":"https:\/\/www.enjoycostarica.com\/blog\/things-to-do-in-san-jose-costa-rica-the-perfect-start-to-a-self-guided-adventure\/#breadcrumb","itemListElement":[{"@type":"ListItem","position":1,"name":"Home","item":"https:\/\/www.enjoycostarica.com\/blog\/"},{"@type":"ListItem","position":2,"name":"Things to Do in San Jos\u00e9, Costa Rica: The Perfect Start to a Self Guided Adventure"}]},{"@type":"WebSite","@id":"https:\/\/www.enjoycostarica.com\/blog\/#website","url":"https:\/\/www.enjoycostarica.com\/blog\/","name":"Costa Rica Travel Blog","description":"A travel blog with useful information and insider tips about traveling in Costa Rica","potentialAction":[{"@type":"SearchAction","target":{"@type":"EntryPoint","urlTemplate":"https:\/\/www.enjoycostarica.com\/blog\/?s={search_term_string}"},"query-input":{"@type":"PropertyValueSpecification","valueRequired":true,"valueName":"search_term_string"}}],"inLanguage":"en-US"}]}},"_links":{"self":[{"href":"https:\/\/www.enjoycostarica.com\/blog\/wp-json\/wp\/v2\/pages\/9759","targetHints":{"allow":["GET"]}}],"collection":[{"href":"https:\/\/www.enjoycostarica.com\/blog\/wp-json\/wp\/v2\/pages"}],"about":[{"href":"https:\/\/www.enjoycostarica.com\/blog\/wp-json\/wp\/v2\/types\/page"}],"author":[{"embeddable":true,"href":"https:\/\/www.enjoycostarica.com\/blog\/wp-json\/wp\/v2\/users\/7"}],"replies":[{"embeddable":true,"href":"https:\/\/www.enjoycostarica.com\/blog\/wp-json\/wp\/v2\/comments?post=9759"}],"version-history":[{"count":20,"href":"https:\/\/www.enjoycostarica.com\/blog\/wp-json\/wp\/v2\/pages\/9759\/revisions"}],"predecessor-version":[{"id":9801,"href":"https:\/\/www.enjoycostarica.com\/blog\/wp-json\/wp\/v2\/pages\/9759\/revisions\/9801"}],"wp:featuredmedia":[{"embeddable":true,"href":"https:\/\/www.enjoycostarica.com\/blog\/wp-json\/wp\/v2\/media\/9569"}],"wp:attachment":[{"href":"https:\/\/www.enjoycostarica.com\/blog\/wp-json\/wp\/v2\/media?parent=9759"}],"curies":[{"name":"wp","href":"https:\/\/api.w.org\/{rel}","templated":true}]}}