{"id":9605,"date":"2025-05-15T14:24:19","date_gmt":"2025-05-15T20:24:19","guid":{"rendered":"https:\/\/www.enjoycostarica.com\/blog\/?page_id=9605"},"modified":"2026-03-24T10:44:35","modified_gmt":"2026-03-24T16:44:35","slug":"escape-the-crowds-discover-the-authentic-charm-of-belen-costa-rica","status":"publish","type":"page","link":"https:\/\/www.enjoycostarica.com\/blog\/escape-the-crowds-discover-the-authentic-charm-of-belen-costa-rica\/","title":{"rendered":"Escape the Crowds: Discover the Authentic Charm of Bel\u00e9n, Costa Rica."},"content":{"rendered":"\n\n\n\n\n\n\n<div id=\"contentsContainer\" class=\"style-scope qowt-page\">\n<div id=\"contents\" class=\"style-scope qowt-page\">\n<p class=\"x-scope qowt-word-para-0\"><span class=\"qowt-font2-Verdana\">By Silvanna Pacheco, May 15th, 2025.<\/span><\/p>\n<p>Bel\u00e9n Heredia boasts a fascinating blend of history and progress. Once home to the indigenous Huetar people and later welcoming Spanish settlers, Bel\u00e9n has blossomed into a significant commercial and industrial major city.<\/p>\n<\/div>\n<\/div>\n<p><img loading=\"lazy\" decoding=\"async\" class=\"wp-image-9623 aligncenter\" src=\"https:\/\/www.enjoycostarica.com\/blog\/wp-content\/uploads\/2025\/05\/sjocr-view-5371-hor-clsc-300x200.webp\" alt=\"\" width=\"849\" height=\"566\" srcset=\"https:\/\/www.enjoycostarica.com\/blog\/wp-content\/uploads\/2025\/05\/sjocr-view-5371-hor-clsc-300x200.webp 300w, https:\/\/www.enjoycostarica.com\/blog\/wp-content\/uploads\/2025\/05\/sjocr-view-5371-hor-clsc-1024x682.webp 1024w, https:\/\/www.enjoycostarica.com\/blog\/wp-content\/uploads\/2025\/05\/sjocr-view-5371-hor-clsc-768x512.webp 768w, https:\/\/www.enjoycostarica.com\/blog\/wp-content\/uploads\/2025\/05\/sjocr-view-5371-hor-clsc.webp 1336w\" sizes=\"auto, (max-width: 849px) 100vw, 849px\" \/><!--more--><\/p>\n<p>To the eastern part of Bel\u00e9n you will find Free Trade Zones or Zonas Francas. This has made this city a hub for residential, commercial, and industrial development. The proximity to the Juan Santamar\u00eda International Airport and good connectivity to other development centers like San Jos\u00e9 and Alajuela make Bel\u00e9n an attractive location for businesses. Many international companies have established operations in Bel\u00e9n such as Intel, Firestone and Amanco.<\/p>\n<p><img loading=\"lazy\" decoding=\"async\" class=\" wp-image-9624 aligncenter\" src=\"https:\/\/www.enjoycostarica.com\/blog\/wp-content\/uploads\/2025\/05\/sjocr-exterior-8013-hor-clsc-300x200.jpg\" alt=\"\" width=\"849\" height=\"566\" srcset=\"https:\/\/www.enjoycostarica.com\/blog\/wp-content\/uploads\/2025\/05\/sjocr-exterior-8013-hor-clsc-300x200.jpg 300w, https:\/\/www.enjoycostarica.com\/blog\/wp-content\/uploads\/2025\/05\/sjocr-exterior-8013-hor-clsc-1024x682.jpg 1024w, https:\/\/www.enjoycostarica.com\/blog\/wp-content\/uploads\/2025\/05\/sjocr-exterior-8013-hor-clsc-768x512.jpg 768w, https:\/\/www.enjoycostarica.com\/blog\/wp-content\/uploads\/2025\/05\/sjocr-exterior-8013-hor-clsc.jpg 1336w\" sizes=\"auto, (max-width: 849px) 100vw, 849px\" \/><\/p>\n<p>The Heredia region&#8217;s economy is deeply rooted in agriculture, especially coffee, onions, tomatoes and corn, and it is also a region known for the genuine warmth and hospitality of its people. Bel\u00e9n also serves as a fantastic starting point to visit local treasures like the beautiful and scenic Po\u00e1s Volcano and the renowned Starbucks Coffee Farm Hacienda Alsacia.<\/p>\n<p><img loading=\"lazy\" decoding=\"async\" class=\" wp-image-9352 aligncenter\" src=\"https:\/\/www.enjoycostarica.com\/blog\/wp-content\/uploads\/2024\/09\/Poas_crater-300x225.jpg\" alt=\"Poas Volcano\" width=\"852\" height=\"639\" srcset=\"https:\/\/www.enjoycostarica.com\/blog\/wp-content\/uploads\/2024\/09\/Poas_crater-300x225.jpg 300w, https:\/\/www.enjoycostarica.com\/blog\/wp-content\/uploads\/2024\/09\/Poas_crater-1024x768.jpg 1024w, https:\/\/www.enjoycostarica.com\/blog\/wp-content\/uploads\/2024\/09\/Poas_crater-768x576.jpg 768w, https:\/\/www.enjoycostarica.com\/blog\/wp-content\/uploads\/2024\/09\/Poas_crater-1536x1152.jpg 1536w, https:\/\/www.enjoycostarica.com\/blog\/wp-content\/uploads\/2024\/09\/Poas_crater-2048x1536.jpg 2048w\" sizes=\"auto, (max-width: 852px) 100vw, 852px\" \/><\/p>\n<p>Bel\u00e9n caters to modern lifestyles with shopping destinations like La Ribera Shopping Center and a robust hotel scene featuring renowned international chains. I recently had the pleasure of experiencing a warm welcome at the Costa Rica Marriott Hotel Hacienda Bel\u00e9n.<\/p>\n<p><img loading=\"lazy\" decoding=\"async\" class=\" wp-image-9619 aligncenter\" src=\"https:\/\/www.enjoycostarica.com\/blog\/wp-content\/uploads\/2025\/05\/PXL_20250506_163320814-EFFECTS-1-1-2-300x226.jpg\" alt=\"Costa Rica Marriott Hacienda Belen\" width=\"851\" height=\"641\" srcset=\"https:\/\/www.enjoycostarica.com\/blog\/wp-content\/uploads\/2025\/05\/PXL_20250506_163320814-EFFECTS-1-1-2-300x226.jpg 300w, https:\/\/www.enjoycostarica.com\/blog\/wp-content\/uploads\/2025\/05\/PXL_20250506_163320814-EFFECTS-1-1-2-1024x771.jpg 1024w, https:\/\/www.enjoycostarica.com\/blog\/wp-content\/uploads\/2025\/05\/PXL_20250506_163320814-EFFECTS-1-1-2-768x579.jpg 768w, https:\/\/www.enjoycostarica.com\/blog\/wp-content\/uploads\/2025\/05\/PXL_20250506_163320814-EFFECTS-1-1-2.jpg 1200w\" sizes=\"auto, (max-width: 851px) 100vw, 851px\" \/><\/p>\n<p>Stepping into the Costa Rica Marriott is like stepping into an old coffee hacienda. With a very relaxing atmosphere, you will find corners adorned with curated elements from across Central and South America.<\/p>\n<p><img loading=\"lazy\" decoding=\"async\" class=\" wp-image-9632 aligncenter\" src=\"https:\/\/www.enjoycostarica.com\/blog\/wp-content\/uploads\/2025\/05\/GridArt_20250515_140446513-1-300x300.jpg\" alt=\"Arte CR Marriott\" width=\"849\" height=\"849\" srcset=\"https:\/\/www.enjoycostarica.com\/blog\/wp-content\/uploads\/2025\/05\/GridArt_20250515_140446513-1-300x300.jpg 300w, https:\/\/www.enjoycostarica.com\/blog\/wp-content\/uploads\/2025\/05\/GridArt_20250515_140446513-1-1024x1024.jpg 1024w, https:\/\/www.enjoycostarica.com\/blog\/wp-content\/uploads\/2025\/05\/GridArt_20250515_140446513-1-150x150.jpg 150w, https:\/\/www.enjoycostarica.com\/blog\/wp-content\/uploads\/2025\/05\/GridArt_20250515_140446513-1-768x768.jpg 768w, https:\/\/www.enjoycostarica.com\/blog\/wp-content\/uploads\/2025\/05\/GridArt_20250515_140446513-1-660x660.jpg 660w, https:\/\/www.enjoycostarica.com\/blog\/wp-content\/uploads\/2025\/05\/GridArt_20250515_140446513-1.jpg 1200w\" sizes=\"auto, (max-width: 849px) 100vw, 849px\" \/><\/p>\n<p>I started my visit with a fresh brew and a delicious traditional Costa Rican breakfast at Casa del Cafe, which also offers tempting lunch and dinner menus.<\/p>\n<p><img loading=\"lazy\" decoding=\"async\" class=\"wp-image-9628 aligncenter\" src=\"https:\/\/www.enjoycostarica.com\/blog\/wp-content\/uploads\/2025\/05\/sjocr-casa-cafe-8271-hor-clsc-300x200.webp\" alt=\"Casa del cafe Marriott\" width=\"851\" height=\"567\" srcset=\"https:\/\/www.enjoycostarica.com\/blog\/wp-content\/uploads\/2025\/05\/sjocr-casa-cafe-8271-hor-clsc-300x200.webp 300w, https:\/\/www.enjoycostarica.com\/blog\/wp-content\/uploads\/2025\/05\/sjocr-casa-cafe-8271-hor-clsc-1024x682.webp 1024w, https:\/\/www.enjoycostarica.com\/blog\/wp-content\/uploads\/2025\/05\/sjocr-casa-cafe-8271-hor-clsc-768x512.webp 768w, https:\/\/www.enjoycostarica.com\/blog\/wp-content\/uploads\/2025\/05\/sjocr-casa-cafe-8271-hor-clsc.webp 1336w\" sizes=\"auto, (max-width: 851px) 100vw, 851px\" \/><\/p>\n<p>The hotel also offers four other dining experiences, including a traditional Steakhouse with beautiful decor and Bar 10, the perfect spot to catch your favorite game while enjoying a handcrafted cocktail and a lively atmosphere.<\/p>\n<p><img loading=\"lazy\" decoding=\"async\" class=\"wp-image-9636 aligncenter\" src=\"https:\/\/www.enjoycostarica.com\/blog\/wp-content\/uploads\/2025\/05\/PXL_20250506_164841038-1-1-300x226.jpg\" alt=\"CR Marriott Steakhouse\" width=\"848\" height=\"639\" srcset=\"https:\/\/www.enjoycostarica.com\/blog\/wp-content\/uploads\/2025\/05\/PXL_20250506_164841038-1-1-300x226.jpg 300w, https:\/\/www.enjoycostarica.com\/blog\/wp-content\/uploads\/2025\/05\/PXL_20250506_164841038-1-1-1024x771.jpg 1024w, https:\/\/www.enjoycostarica.com\/blog\/wp-content\/uploads\/2025\/05\/PXL_20250506_164841038-1-1-768x578.jpg 768w, https:\/\/www.enjoycostarica.com\/blog\/wp-content\/uploads\/2025\/05\/PXL_20250506_164841038-1-1.jpg 1200w\" sizes=\"auto, (max-width: 848px) 100vw, 848px\" \/><br \/>The hotel&#8217;s amenities are designed for ultimate comfort. Spacious rooms with garden views, a fully equipped fitness center to stay active, a refreshing swimming pool, the Ku\u00f6 Spa offering a great selection of treatments, and a driving range that provides practice areas for pitching, driving and sand lies.<\/p>\n<p><img loading=\"lazy\" decoding=\"async\" class=\" wp-image-9620 aligncenter\" src=\"https:\/\/www.enjoycostarica.com\/blog\/wp-content\/uploads\/2025\/05\/PXL_20250506_170207826.MP-1-300x226.jpg\" alt=\"CR Marriott pool\" width=\"849\" height=\"640\" srcset=\"https:\/\/www.enjoycostarica.com\/blog\/wp-content\/uploads\/2025\/05\/PXL_20250506_170207826.MP-1-300x226.jpg 300w, https:\/\/www.enjoycostarica.com\/blog\/wp-content\/uploads\/2025\/05\/PXL_20250506_170207826.MP-1-1024x771.jpg 1024w, https:\/\/www.enjoycostarica.com\/blog\/wp-content\/uploads\/2025\/05\/PXL_20250506_170207826.MP-1-768x579.jpg 768w, https:\/\/www.enjoycostarica.com\/blog\/wp-content\/uploads\/2025\/05\/PXL_20250506_170207826.MP-1.jpg 1200w\" sizes=\"auto, (max-width: 849px) 100vw, 849px\" \/><\/p>\n<p>For those needing a quiet space, the Executive Lounge and business center offers privacy and exclusive menu options.<\/p>\n<p><img loading=\"lazy\" decoding=\"async\" class=\"wp-image-9616 aligncenter\" src=\"https:\/\/www.enjoycostarica.com\/blog\/wp-content\/uploads\/2025\/05\/PXL_20250506_1659579592-1-1-300x226.jpg\" alt=\"CR Marriott Executive\" width=\"848\" height=\"639\" srcset=\"https:\/\/www.enjoycostarica.com\/blog\/wp-content\/uploads\/2025\/05\/PXL_20250506_1659579592-1-1-300x226.jpg 300w, https:\/\/www.enjoycostarica.com\/blog\/wp-content\/uploads\/2025\/05\/PXL_20250506_1659579592-1-1-1024x771.jpg 1024w, https:\/\/www.enjoycostarica.com\/blog\/wp-content\/uploads\/2025\/05\/PXL_20250506_1659579592-1-1-768x579.jpg 768w, https:\/\/www.enjoycostarica.com\/blog\/wp-content\/uploads\/2025\/05\/PXL_20250506_1659579592-1-1.jpg 1200w\" sizes=\"auto, (max-width: 848px) 100vw, 848px\" \/><br \/>It came to my attention that many Costa Ricans visit the hotel&#8217;s restaurants, enjoying a relaxing overnight stay, or to unwind by the pool. This genuine local presence adds to the hotel&#8217;s authentic charm, as ticos themselves seek it out for weekend getaways or business meetings.<\/p>\n<p><img loading=\"lazy\" decoding=\"async\" class=\" wp-image-9621 aligncenter\" src=\"https:\/\/www.enjoycostarica.com\/blog\/wp-content\/uploads\/2025\/05\/sjocr-attraction-plantation-0031-hor-clsc-300x200.jpg\" alt=\"CR Marriott  Hacienda Belen Coffee Plantation\" width=\"849\" height=\"566\" srcset=\"https:\/\/www.enjoycostarica.com\/blog\/wp-content\/uploads\/2025\/05\/sjocr-attraction-plantation-0031-hor-clsc-300x200.jpg 300w, https:\/\/www.enjoycostarica.com\/blog\/wp-content\/uploads\/2025\/05\/sjocr-attraction-plantation-0031-hor-clsc-768x512.jpg 768w, https:\/\/www.enjoycostarica.com\/blog\/wp-content\/uploads\/2025\/05\/sjocr-attraction-plantation-0031-hor-clsc.jpg 1000w\" sizes=\"auto, (max-width: 849px) 100vw, 849px\" \/><br \/>Take some time to explore the plantation and the surrounding nature areas for a genuine taste of Costa Rica&#8217;s &#8220;pura vida&#8221;. And for a truly unique and memorable stay, the Costa Rica Marriott Hotel Hacienda Bel\u00e9n offers a blend of comfort, history, and local charm that is hard to beat. It&#8217;s a hidden gem waiting to be discovered, just moments from your arrival in this beautiful country.<\/p>\n<p>\u00a0<\/p>\n","protected":false},"excerpt":{"rendered":"By Silvanna Pacheco, May 15th, 2025. Bel\u00e9n Heredia boasts a fascinating blend of history and progress. Once home to the indigenous Huetar people and later welcoming Spanish settlers, Bel\u00e9n has blossomed into a significant commercial and industrial major city. To the eastern part of Bel\u00e9n...","protected":false},"author":7,"featured_media":9623,"parent":0,"menu_order":0,"comment_status":"closed","ping_status":"closed","template":"","meta":{"footnotes":""},"class_list":["post-9605","page","type-page","status-publish","has-post-thumbnail","hentry"],"yoast_head":"<!-- This site is optimized with the Yoast SEO plugin v27.4 - https:\/\/yoast.com\/product\/yoast-seo-wordpress\/ -->\n<title>Escape the Crowds: Discover the Authentic Charm of Bel\u00e9n, Costa Rica. - Costa Rica Travel Blog<\/title>\n<meta name=\"robots\" content=\"index, follow, max-snippet:-1, max-image-preview:large, max-video-preview:-1\" \/>\n<link rel=\"canonical\" href=\"https:\/\/www.enjoycostarica.com\/blog\/escape-the-crowds-discover-the-authentic-charm-of-belen-costa-rica\/\" \/>\n<meta property=\"og:locale\" content=\"en_US\" \/>\n<meta property=\"og:type\" content=\"article\" \/>\n<meta property=\"og:title\" content=\"Escape the Crowds: Discover the Authentic Charm of Bel\u00e9n, Costa Rica. - Costa Rica Travel Blog\" \/>\n<meta property=\"og:url\" content=\"https:\/\/www.enjoycostarica.com\/blog\/escape-the-crowds-discover-the-authentic-charm-of-belen-costa-rica\/\" \/>\n<meta property=\"og:site_name\" content=\"Costa Rica Travel Blog\" \/>\n<meta property=\"article:modified_time\" content=\"2026-03-24T16:44:35+00:00\" \/>\n<meta property=\"og:image\" content=\"https:\/\/www.enjoycostarica.com\/blog\/wp-content\/uploads\/2025\/05\/sjocr-view-5371-hor-clsc.webp\" \/>\n\t<meta property=\"og:image:width\" content=\"1336\" \/>\n\t<meta property=\"og:image:height\" content=\"890\" \/>\n\t<meta property=\"og:image:type\" content=\"image\/webp\" \/>\n<meta name=\"twitter:card\" content=\"summary_large_image\" \/>\n<meta name=\"twitter:label1\" content=\"Est. reading time\" \/>\n\t<meta name=\"twitter:data1\" content=\"2 minutes\" \/>\n<script type=\"application\/ld+json\" class=\"yoast-schema-graph\">{\"@context\":\"https:\\\/\\\/schema.org\",\"@graph\":[{\"@type\":\"WebPage\",\"@id\":\"https:\\\/\\\/www.enjoycostarica.com\\\/blog\\\/escape-the-crowds-discover-the-authentic-charm-of-belen-costa-rica\\\/\",\"url\":\"https:\\\/\\\/www.enjoycostarica.com\\\/blog\\\/escape-the-crowds-discover-the-authentic-charm-of-belen-costa-rica\\\/\",\"name\":\"Escape the Crowds: Discover the Authentic Charm of Bel\u00e9n, Costa Rica. - Costa Rica Travel Blog\",\"isPartOf\":{\"@id\":\"https:\\\/\\\/www.enjoycostarica.com\\\/blog\\\/#website\"},\"primaryImageOfPage\":{\"@id\":\"https:\\\/\\\/www.enjoycostarica.com\\\/blog\\\/escape-the-crowds-discover-the-authentic-charm-of-belen-costa-rica\\\/#primaryimage\"},\"image\":{\"@id\":\"https:\\\/\\\/www.enjoycostarica.com\\\/blog\\\/escape-the-crowds-discover-the-authentic-charm-of-belen-costa-rica\\\/#primaryimage\"},\"thumbnailUrl\":\"https:\\\/\\\/www.enjoycostarica.com\\\/blog\\\/wp-content\\\/uploads\\\/2025\\\/05\\\/sjocr-view-5371-hor-clsc.webp\",\"datePublished\":\"2025-05-15T20:24:19+00:00\",\"dateModified\":\"2026-03-24T16:44:35+00:00\",\"breadcrumb\":{\"@id\":\"https:\\\/\\\/www.enjoycostarica.com\\\/blog\\\/escape-the-crowds-discover-the-authentic-charm-of-belen-costa-rica\\\/#breadcrumb\"},\"inLanguage\":\"en-US\",\"potentialAction\":[{\"@type\":\"ReadAction\",\"target\":[\"https:\\\/\\\/www.enjoycostarica.com\\\/blog\\\/escape-the-crowds-discover-the-authentic-charm-of-belen-costa-rica\\\/\"]}]},{\"@type\":\"ImageObject\",\"inLanguage\":\"en-US\",\"@id\":\"https:\\\/\\\/www.enjoycostarica.com\\\/blog\\\/escape-the-crowds-discover-the-authentic-charm-of-belen-costa-rica\\\/#primaryimage\",\"url\":\"https:\\\/\\\/www.enjoycostarica.com\\\/blog\\\/wp-content\\\/uploads\\\/2025\\\/05\\\/sjocr-view-5371-hor-clsc.webp\",\"contentUrl\":\"https:\\\/\\\/www.enjoycostarica.com\\\/blog\\\/wp-content\\\/uploads\\\/2025\\\/05\\\/sjocr-view-5371-hor-clsc.webp\",\"width\":1336,\"height\":890},{\"@type\":\"BreadcrumbList\",\"@id\":\"https:\\\/\\\/www.enjoycostarica.com\\\/blog\\\/escape-the-crowds-discover-the-authentic-charm-of-belen-costa-rica\\\/#breadcrumb\",\"itemListElement\":[{\"@type\":\"ListItem\",\"position\":1,\"name\":\"Home\",\"item\":\"https:\\\/\\\/www.enjoycostarica.com\\\/blog\\\/\"},{\"@type\":\"ListItem\",\"position\":2,\"name\":\"Escape the Crowds: Discover the Authentic Charm of Bel\u00e9n, Costa Rica.\"}]},{\"@type\":\"WebSite\",\"@id\":\"https:\\\/\\\/www.enjoycostarica.com\\\/blog\\\/#website\",\"url\":\"https:\\\/\\\/www.enjoycostarica.com\\\/blog\\\/\",\"name\":\"Costa Rica Travel Blog\",\"description\":\"A travel blog with useful information and insider tips about traveling in Costa Rica\",\"potentialAction\":[{\"@type\":\"SearchAction\",\"target\":{\"@type\":\"EntryPoint\",\"urlTemplate\":\"https:\\\/\\\/www.enjoycostarica.com\\\/blog\\\/?s={search_term_string}\"},\"query-input\":{\"@type\":\"PropertyValueSpecification\",\"valueRequired\":true,\"valueName\":\"search_term_string\"}}],\"inLanguage\":\"en-US\"}]}<\/script>\n<!-- \/ Yoast SEO plugin. -->","yoast_head_json":{"title":"Escape the Crowds: Discover the Authentic Charm of Bel\u00e9n, Costa Rica. - Costa Rica Travel Blog","robots":{"index":"index","follow":"follow","max-snippet":"max-snippet:-1","max-image-preview":"max-image-preview:large","max-video-preview":"max-video-preview:-1"},"canonical":"https:\/\/www.enjoycostarica.com\/blog\/escape-the-crowds-discover-the-authentic-charm-of-belen-costa-rica\/","og_locale":"en_US","og_type":"article","og_title":"Escape the Crowds: Discover the Authentic Charm of Bel\u00e9n, Costa Rica. - Costa Rica Travel Blog","og_url":"https:\/\/www.enjoycostarica.com\/blog\/escape-the-crowds-discover-the-authentic-charm-of-belen-costa-rica\/","og_site_name":"Costa Rica Travel Blog","article_modified_time":"2026-03-24T16:44:35+00:00","og_image":[{"width":1336,"height":890,"url":"https:\/\/www.enjoycostarica.com\/blog\/wp-content\/uploads\/2025\/05\/sjocr-view-5371-hor-clsc.webp","type":"image\/webp"}],"twitter_card":"summary_large_image","twitter_misc":{"Est. reading time":"2 minutes"},"schema":{"@context":"https:\/\/schema.org","@graph":[{"@type":"WebPage","@id":"https:\/\/www.enjoycostarica.com\/blog\/escape-the-crowds-discover-the-authentic-charm-of-belen-costa-rica\/","url":"https:\/\/www.enjoycostarica.com\/blog\/escape-the-crowds-discover-the-authentic-charm-of-belen-costa-rica\/","name":"Escape the Crowds: Discover the Authentic Charm of Bel\u00e9n, Costa Rica. - Costa Rica Travel Blog","isPartOf":{"@id":"https:\/\/www.enjoycostarica.com\/blog\/#website"},"primaryImageOfPage":{"@id":"https:\/\/www.enjoycostarica.com\/blog\/escape-the-crowds-discover-the-authentic-charm-of-belen-costa-rica\/#primaryimage"},"image":{"@id":"https:\/\/www.enjoycostarica.com\/blog\/escape-the-crowds-discover-the-authentic-charm-of-belen-costa-rica\/#primaryimage"},"thumbnailUrl":"https:\/\/www.enjoycostarica.com\/blog\/wp-content\/uploads\/2025\/05\/sjocr-view-5371-hor-clsc.webp","datePublished":"2025-05-15T20:24:19+00:00","dateModified":"2026-03-24T16:44:35+00:00","breadcrumb":{"@id":"https:\/\/www.enjoycostarica.com\/blog\/escape-the-crowds-discover-the-authentic-charm-of-belen-costa-rica\/#breadcrumb"},"inLanguage":"en-US","potentialAction":[{"@type":"ReadAction","target":["https:\/\/www.enjoycostarica.com\/blog\/escape-the-crowds-discover-the-authentic-charm-of-belen-costa-rica\/"]}]},{"@type":"ImageObject","inLanguage":"en-US","@id":"https:\/\/www.enjoycostarica.com\/blog\/escape-the-crowds-discover-the-authentic-charm-of-belen-costa-rica\/#primaryimage","url":"https:\/\/www.enjoycostarica.com\/blog\/wp-content\/uploads\/2025\/05\/sjocr-view-5371-hor-clsc.webp","contentUrl":"https:\/\/www.enjoycostarica.com\/blog\/wp-content\/uploads\/2025\/05\/sjocr-view-5371-hor-clsc.webp","width":1336,"height":890},{"@type":"BreadcrumbList","@id":"https:\/\/www.enjoycostarica.com\/blog\/escape-the-crowds-discover-the-authentic-charm-of-belen-costa-rica\/#breadcrumb","itemListElement":[{"@type":"ListItem","position":1,"name":"Home","item":"https:\/\/www.enjoycostarica.com\/blog\/"},{"@type":"ListItem","position":2,"name":"Escape the Crowds: Discover the Authentic Charm of Bel\u00e9n, Costa Rica."}]},{"@type":"WebSite","@id":"https:\/\/www.enjoycostarica.com\/blog\/#website","url":"https:\/\/www.enjoycostarica.com\/blog\/","name":"Costa Rica Travel Blog","description":"A travel blog with useful information and insider tips about traveling in Costa Rica","potentialAction":[{"@type":"SearchAction","target":{"@type":"EntryPoint","urlTemplate":"https:\/\/www.enjoycostarica.com\/blog\/?s={search_term_string}"},"query-input":{"@type":"PropertyValueSpecification","valueRequired":true,"valueName":"search_term_string"}}],"inLanguage":"en-US"}]}},"_links":{"self":[{"href":"https:\/\/www.enjoycostarica.com\/blog\/wp-json\/wp\/v2\/pages\/9605","targetHints":{"allow":["GET"]}}],"collection":[{"href":"https:\/\/www.enjoycostarica.com\/blog\/wp-json\/wp\/v2\/pages"}],"about":[{"href":"https:\/\/www.enjoycostarica.com\/blog\/wp-json\/wp\/v2\/types\/page"}],"author":[{"embeddable":true,"href":"https:\/\/www.enjoycostarica.com\/blog\/wp-json\/wp\/v2\/users\/7"}],"replies":[{"embeddable":true,"href":"https:\/\/www.enjoycostarica.com\/blog\/wp-json\/wp\/v2\/comments?post=9605"}],"version-history":[{"count":15,"href":"https:\/\/www.enjoycostarica.com\/blog\/wp-json\/wp\/v2\/pages\/9605\/revisions"}],"predecessor-version":[{"id":9639,"href":"https:\/\/www.enjoycostarica.com\/blog\/wp-json\/wp\/v2\/pages\/9605\/revisions\/9639"}],"wp:featuredmedia":[{"embeddable":true,"href":"https:\/\/www.enjoycostarica.com\/blog\/wp-json\/wp\/v2\/media\/9623"}],"wp:attachment":[{"href":"https:\/\/www.enjoycostarica.com\/blog\/wp-json\/wp\/v2\/media?parent=9605"}],"curies":[{"name":"wp","href":"https:\/\/api.w.org\/{rel}","templated":true}]}}